{"id":12046,"date":"2017-01-23T12:58:41","date_gmt":"2017-01-23T11:58:41","guid":{"rendered":"http:\/\/corail-helicopteres.com\/flotte-dhelicopteres\/"},"modified":"2024-11-29T12:25:41","modified_gmt":"2024-11-29T08:25:41","slug":"modern-fleet","status":"publish","type":"page","link":"https:\/\/www.corail-helicopteres.com\/en\/modern-fleet\/","title":{"rendered":"The fleet"},"content":{"rendered":"\t\t<div data-elementor-type=\"wp-page\" data-elementor-id=\"12046\" class=\"elementor elementor-12046 elementor-3259\" data-elementor-post-type=\"page\">\n\t\t\t\t\t\t<section class=\"elementor-section elementor-top-section elementor-element elementor-element-2c57c8a7 elementor-section-boxed elementor-section-height-default elementor-section-height-default\" data-id=\"2c57c8a7\" data-element_type=\"section\">\n\t\t\t\t\t\t<div class=\"elementor-container elementor-column-gap-default\">\n\t\t\t\t\t<div class=\"elementor-column elementor-col-100 elementor-top-column elementor-element elementor-element-61e84fe4\" data-id=\"61e84fe4\" data-element_type=\"column\">\n\t\t\t<div class=\"elementor-widget-wrap elementor-element-populated\">\n\t\t\t\t\t\t<div class=\"elementor-element elementor-element-6913448f elementor-widget elementor-widget-text-editor\" data-id=\"6913448f\" data-element_type=\"widget\" data-widget_type=\"text-editor.default\">\n\t\t\t\t<div class=\"elementor-widget-container\">\n\t\t\t\t\t\t\t\t\t<p><nav aria-label=\"breadcrumbs\" class=\"rank-math-breadcrumb\"><p><span class=\"last\">Home<\/span><\/p><\/nav><\/p>\t\t\t\t\t\t\t\t<\/div>\n\t\t\t\t<\/div>\n\t\t\t\t\t<\/div>\n\t\t<\/div>\n\t\t\t\t\t<\/div>\n\t\t<\/section>\n\t\t\t\t<section class=\"elementor-section elementor-top-section elementor-element elementor-element-148406e elementor-section-boxed elementor-section-height-default elementor-section-height-default elementor-invisible\" data-id=\"148406e\" data-element_type=\"section\" data-settings=\"{&quot;animation&quot;:&quot;fadeInUp&quot;}\">\n\t\t\t\t\t\t<div class=\"elementor-container elementor-column-gap-default\">\n\t\t\t\t\t<div class=\"elementor-column elementor-col-100 elementor-top-column elementor-element elementor-element-9dac798\" data-id=\"9dac798\" data-element_type=\"column\">\n\t\t\t<div class=\"elementor-widget-wrap elementor-element-populated\">\n\t\t\t\t\t\t<div class=\"elementor-element elementor-element-f6838e3 elementor-widget elementor-widget-heading\" data-id=\"f6838e3\" data-element_type=\"widget\" data-widget_type=\"heading.default\">\n\t\t\t\t<div class=\"elementor-widget-container\">\n\t\t\t\t\t<h1 class=\"elementor-heading-title elementor-size-default\">A modern fleet of helicopters<\/h1>\t\t\t\t<\/div>\n\t\t\t\t<\/div>\n\t\t\t\t\t<\/div>\n\t\t<\/div>\n\t\t\t\t\t<\/div>\n\t\t<\/section>\n\t\t\t\t<section class=\"elementor-section elementor-top-section elementor-element elementor-element-bc7930e elementor-section-content-middle elementor-section-boxed elementor-section-height-default elementor-section-height-default elementor-invisible\" data-id=\"bc7930e\" data-element_type=\"section\" data-settings=\"{&quot;animation&quot;:&quot;fadeIn&quot;}\">\n\t\t\t\t\t\t<div class=\"elementor-container elementor-column-gap-default\">\n\t\t\t\t\t<div class=\"elementor-column elementor-col-33 elementor-top-column elementor-element elementor-element-2603e55\" data-id=\"2603e55\" data-element_type=\"column\">\n\t\t\t<div class=\"elementor-widget-wrap elementor-element-populated\">\n\t\t\t\t\t\t<div class=\"elementor-element elementor-element-bc9af0a elementor-widget elementor-widget-image\" data-id=\"bc9af0a\" data-element_type=\"widget\" data-widget_type=\"image.default\">\n\t\t\t\t<div class=\"elementor-widget-container\">\n\t\t\t\t\t\t\t\t\t\t\t\t\t\t\t<img decoding=\"async\" src=\"https:\/\/www.corail-helicopteres.com\/wp-content\/uploads\/2021\/02\/une-flotte-moderne.png\" title=\"\" alt=\"\" loading=\"lazy\">\t\t\t\t\t\t\t\t\t\t\t\t\t\t\t<\/div>\n\t\t\t\t<\/div>\n\t\t\t\t\t<\/div>\n\t\t<\/div>\n\t\t\t\t<div class=\"elementor-column elementor-col-66 elementor-top-column elementor-element elementor-element-c9e6b70\" data-id=\"c9e6b70\" data-element_type=\"column\">\n\t\t\t<div class=\"elementor-widget-wrap elementor-element-populated\">\n\t\t\t\t\t\t<div class=\"elementor-element elementor-element-84a7a59 elementor-widget elementor-widget-text-editor\" data-id=\"84a7a59\" data-element_type=\"widget\" data-widget_type=\"text-editor.default\">\n\t\t\t\t<div class=\"elementor-widget-container\">\n\t\t\t\t\t\t\t\t\t<p>Established in 2004,&nbsp;<strong>Corail H\u00e9licopt\u00e8res has expanded<\/strong>&nbsp;since then and now owns&nbsp;<strong>07 h\u00e9licopters.<\/strong>.<\/p>\n<p>Committed to modernity and performance, the fleet included 4 type H130 aircrafts, the latest from the Airbus Helicopters range.<\/p>\n<p>Following on from 2017, Corail H\u00e9licopt\u00e8res has acquired 2 aircrafts of type H120 (Colibri):&nbsp;<strong>the world\u2019s most quiet helicopter.<\/strong>.<\/p>\n<p>Equipped with the latest technologies,&nbsp;<strong>these helicopters are a world reference<\/strong>&nbsp;in terms of scenic tours.<\/p>\n<p><strong>The spacious cabin<\/strong>&nbsp;offers unbeatable comfort and the large wrap-around screen<strong>provides an panoramic view<\/strong>&nbsp;of the spectacular landscapes.<\/p>\t\t\t\t\t\t\t\t<\/div>\n\t\t\t\t<\/div>\n\t\t\t\t\t<\/div>\n\t\t<\/div>\n\t\t\t\t\t<\/div>\n\t\t<\/section>\n\t\t\t\t<section class=\"elementor-section elementor-top-section elementor-element elementor-element-71e6c9c elementor-section-boxed elementor-section-height-default elementor-section-height-default\" data-id=\"71e6c9c\" data-element_type=\"section\">\n\t\t\t\t\t\t<div class=\"elementor-container elementor-column-gap-default\">\n\t\t\t\t\t<div class=\"elementor-column elementor-col-100 elementor-top-column elementor-element elementor-element-b7bd484\" data-id=\"b7bd484\" data-element_type=\"column\">\n\t\t\t<div class=\"elementor-widget-wrap elementor-element-populated\">\n\t\t\t\t\t\t<div class=\"elementor-element elementor-element-4d76d88 elementor-widget__width-auto elementor-widget elementor-widget-heading\" data-id=\"4d76d88\" data-element_type=\"widget\" data-widget_type=\"heading.default\">\n\t\t\t\t<div class=\"elementor-widget-container\">\n\t\t\t\t\t<h2 class=\"elementor-heading-title elementor-size-default\">Visite virtuelle<\/h2>\t\t\t\t<\/div>\n\t\t\t\t<\/div>\n\t\t\t\t<div class=\"elementor-element elementor-element-9c02f35 elementor-widget__width-auto elementor-widget elementor-widget-button\" data-id=\"9c02f35\" data-element_type=\"widget\" data-widget_type=\"button.default\">\n\t\t\t\t<div class=\"elementor-widget-container\">\n\t\t\t\t\t\t\t\t\t<div class=\"elementor-button-wrapper\">\n\t\t\t\t\t<a class=\"elementor-button elementor-button-link elementor-size-sm\" href=\"https:\/\/www.corail-helicopteres.com\/visite-virtuelle\/\">\n\t\t\t\t\t\t<span class=\"elementor-button-content-wrapper\">\n\t\t\t\t\t\t\t\t\t<span class=\"elementor-button-text\">Voir l'int\u00e9rieur des h\u00e9licopt\u00e8res en 360\u00b0<\/span>\n\t\t\t\t\t<\/span>\n\t\t\t\t\t<\/a>\n\t\t\t\t<\/div>\n\t\t\t\t\t\t\t\t<\/div>\n\t\t\t\t<\/div>\n\t\t\t\t\t<\/div>\n\t\t<\/div>\n\t\t\t\t\t<\/div>\n\t\t<\/section>\n\t\t\t\t<section class=\"elementor-section elementor-top-section elementor-element elementor-element-b03af80 elementor-section-boxed elementor-section-height-default elementor-section-height-default\" data-id=\"b03af80\" data-element_type=\"section\">\n\t\t\t\t\t\t<div class=\"elementor-container elementor-column-gap-default\">\n\t\t\t\t\t<div class=\"elementor-column elementor-col-100 elementor-top-column elementor-element elementor-element-3b45b0b\" data-id=\"3b45b0b\" data-element_type=\"column\">\n\t\t\t<div class=\"elementor-widget-wrap elementor-element-populated\">\n\t\t\t\t\t\t<div class=\"elementor-element elementor-element-71a93df elementor-widget elementor-widget-heading\" data-id=\"71a93df\" data-element_type=\"widget\" data-widget_type=\"heading.default\">\n\t\t\t\t<div class=\"elementor-widget-container\">\n\t\t\t\t\t<h2 class=\"elementor-heading-title elementor-size-default\">Our range of helicopters for R\u00e9union<\/h2>\t\t\t\t<\/div>\n\t\t\t\t<\/div>\n\t\t\t\t\t<\/div>\n\t\t<\/div>\n\t\t\t\t\t<\/div>\n\t\t<\/section>\n\t\t\t\t<section class=\"elementor-section elementor-top-section elementor-element elementor-element-801e42d elementor-section-content-middle elementor-section-boxed elementor-section-height-default elementor-section-height-default\" data-id=\"801e42d\" data-element_type=\"section\">\n\t\t\t\t\t\t<div class=\"elementor-container elementor-column-gap-default\">\n\t\t\t\t\t<div class=\"elementor-column elementor-col-50 elementor-top-column elementor-element elementor-element-7281e84\" data-id=\"7281e84\" data-element_type=\"column\">\n\t\t\t<div class=\"elementor-widget-wrap elementor-element-populated\">\n\t\t\t\t\t\t<div class=\"elementor-element elementor-element-ff65e09 elementor-widget__width-auto elementor-widget elementor-widget-heading\" data-id=\"ff65e09\" data-element_type=\"widget\" data-widget_type=\"heading.default\">\n\t\t\t\t<div class=\"elementor-widget-container\">\n\t\t\t\t\t<h3 class=\"elementor-heading-title elementor-size-default\">H 130<\/h3>\t\t\t\t<\/div>\n\t\t\t\t<\/div>\n\t\t\t\t<div class=\"elementor-element elementor-element-9debe2b elementor-widget elementor-widget-text-editor\" data-id=\"9debe2b\" data-element_type=\"widget\" data-widget_type=\"text-editor.default\">\n\t\t\t\t<div class=\"elementor-widget-container\">\n\t\t\t\t\t\t\t\t\t<div><img decoding=\"async\" src=\"https:\/\/corail-helicopteres.com\/wp-content\/uploads\/2021\/02\/icone-passagers.png\" alt=\"\" width=\"20\" height=\"20\">1 pilot and 6 passengers<\/div><div><img decoding=\"async\" class=\"alignnone size-full wp-image-16468\" src=\"https:\/\/corail-helicopteres.com\/wp-content\/uploads\/2021\/02\/icone-helicoptere.png\" alt=\"\" width=\"20\" height=\"20\">4 helicopters<\/div><div><img decoding=\"async\" class=\"alignnone size-full wp-image-16474\" src=\"https:\/\/corail-helicopteres.com\/wp-content\/uploads\/2021\/02\/icone-type-transport.png\" alt=\"\" width=\"20\" height=\"20\">Public transport and aerial work<\/div><div><img loading=\"lazy\" decoding=\"async\" class=\"alignnone size-full wp-image-16471\" src=\"https:\/\/corail-helicopteres.com\/wp-content\/uploads\/2021\/02\/icone-vitesse.png\" alt=\"\" width=\"20\" height=\"20\">237 km\/H Cruise speed at maximal mass<\/div><div><img loading=\"lazy\" decoding=\"async\" class=\"alignnone size-full wp-image-16465\" src=\"https:\/\/corail-helicopteres.com\/wp-content\/uploads\/2021\/02\/icone-bagages.png\" alt=\"\" width=\"20\" height=\"20\">2 carry on &amp; 4 luggages4<\/div>\t\t\t\t\t\t\t\t<\/div>\n\t\t\t\t<\/div>\n\t\t\t\t\t<\/div>\n\t\t<\/div>\n\t\t\t\t<div class=\"elementor-column elementor-col-50 elementor-top-column elementor-element elementor-element-1531cb3\" data-id=\"1531cb3\" data-element_type=\"column\">\n\t\t\t<div class=\"elementor-widget-wrap elementor-element-populated\">\n\t\t\t\t\t\t<div class=\"elementor-element elementor-element-855e1f5 elementor-widget elementor-widget-image\" data-id=\"855e1f5\" data-element_type=\"widget\" data-widget_type=\"image.default\">\n\t\t\t\t<div class=\"elementor-widget-container\">\n\t\t\t\t\t\t\t\t\t\t\t\t\t\t\t<img loading=\"lazy\" decoding=\"async\" width=\"768\" height=\"366\" src=\"https:\/\/www.corail-helicopteres.com\/wp-content\/uploads\/2021\/06\/helicoptere-h130-768x366.jpg\" class=\"attachment-medium_large size-medium_large wp-image-18871\" alt=\"helicoptere-h130\" srcset=\"https:\/\/www.corail-helicopteres.com\/wp-content\/uploads\/2021\/06\/helicoptere-h130-768x366.jpg.webp 768w, https:\/\/www.corail-helicopteres.com\/wp-content\/uploads\/2021\/06\/helicoptere-h130-600x286.jpg.webp 600w, https:\/\/www.corail-helicopteres.com\/wp-content\/uploads\/2021\/06\/helicoptere-h130-300x143.jpg.webp 300w, https:\/\/www.corail-helicopteres.com\/wp-content\/uploads\/2021\/06\/helicoptere-h130.jpg.webp 796w\" sizes=\"(max-width: 768px) 100vw, 768px\" \/>\t\t\t\t\t\t\t\t\t\t\t\t\t\t\t<\/div>\n\t\t\t\t<\/div>\n\t\t\t\t\t<\/div>\n\t\t<\/div>\n\t\t\t\t\t<\/div>\n\t\t<\/section>\n\t\t\t\t<section class=\"elementor-section elementor-top-section elementor-element elementor-element-5133ede elementor-section-content-middle elementor-section-boxed elementor-section-height-default elementor-section-height-default\" data-id=\"5133ede\" data-element_type=\"section\">\n\t\t\t\t\t\t<div class=\"elementor-container elementor-column-gap-default\">\n\t\t\t\t\t<div class=\"elementor-column elementor-col-50 elementor-top-column elementor-element elementor-element-c9c4f0e\" data-id=\"c9c4f0e\" data-element_type=\"column\">\n\t\t\t<div class=\"elementor-widget-wrap elementor-element-populated\">\n\t\t\t\t\t\t<div class=\"elementor-element elementor-element-635debf elementor-widget__width-auto elementor-widget elementor-widget-heading\" data-id=\"635debf\" data-element_type=\"widget\" data-widget_type=\"heading.default\">\n\t\t\t\t<div class=\"elementor-widget-container\">\n\t\t\t\t\t<h3 class=\"elementor-heading-title elementor-size-default\">AS 355 NP (Bi-Moteur)<\/h3>\t\t\t\t<\/div>\n\t\t\t\t<\/div>\n\t\t\t\t<div class=\"elementor-element elementor-element-c38ebcd elementor-widget elementor-widget-text-editor\" data-id=\"c38ebcd\" data-element_type=\"widget\" data-widget_type=\"text-editor.default\">\n\t\t\t\t<div class=\"elementor-widget-container\">\n\t\t\t\t\t\t\t\t\t<div><img decoding=\"async\" src=\"https:\/\/corail-helicopteres.com\/wp-content\/uploads\/2021\/02\/icone-passagers.png\" alt=\"\" width=\"20\" height=\"20\">1 pilot and 6 passengers<\/div><div><img decoding=\"async\" class=\"alignnone size-full wp-image-16468\" src=\"https:\/\/corail-helicopteres.com\/wp-content\/uploads\/2021\/02\/icone-helicoptere.png\" alt=\"\" width=\"20\" height=\"20\">1 helicopter<\/div><div><img decoding=\"async\" class=\"alignnone size-full wp-image-16474\" src=\"https:\/\/corail-helicopteres.com\/wp-content\/uploads\/2021\/02\/icone-type-transport.png\" alt=\"\" width=\"20\" height=\"20\">Public transport and aerial work<\/div><div><img loading=\"lazy\" decoding=\"async\" class=\"alignnone size-full wp-image-16471\" src=\"https:\/\/corail-helicopteres.com\/wp-content\/uploads\/2021\/02\/icone-vitesse.png\" alt=\"\" width=\"20\" height=\"20\">220 km\/H Cruise speed at maximal mass<\/div><div><img loading=\"lazy\" decoding=\"async\" class=\"alignnone size-full wp-image-16465\" src=\"https:\/\/corail-helicopteres.com\/wp-content\/uploads\/2021\/02\/icone-bagages.png\" alt=\"\" width=\"20\" height=\"20\">3 carry on &amp; 3 luggages<\/div>\t\t\t\t\t\t\t\t<\/div>\n\t\t\t\t<\/div>\n\t\t\t\t\t<\/div>\n\t\t<\/div>\n\t\t\t\t<div class=\"elementor-column elementor-col-50 elementor-top-column elementor-element elementor-element-473f47c\" data-id=\"473f47c\" data-element_type=\"column\">\n\t\t\t<div class=\"elementor-widget-wrap elementor-element-populated\">\n\t\t\t\t\t\t<div class=\"elementor-element elementor-element-d88176b elementor-widget elementor-widget-image\" data-id=\"d88176b\" data-element_type=\"widget\" data-widget_type=\"image.default\">\n\t\t\t\t<div class=\"elementor-widget-container\">\n\t\t\t\t\t\t\t\t\t\t\t\t\t\t\t<img loading=\"lazy\" decoding=\"async\" width=\"768\" height=\"366\" src=\"https:\/\/www.corail-helicopteres.com\/wp-content\/uploads\/2021\/02\/helicoptere-as355-768x366.jpg\" class=\"attachment-medium_large size-medium_large wp-image-17533\" alt=\"helicoptere-as355\" srcset=\"https:\/\/www.corail-helicopteres.com\/wp-content\/uploads\/2021\/02\/helicoptere-as355-768x366.jpg.webp 768w, https:\/\/www.corail-helicopteres.com\/wp-content\/uploads\/2021\/02\/helicoptere-as355-600x286.jpg.webp 600w, https:\/\/www.corail-helicopteres.com\/wp-content\/uploads\/2021\/02\/helicoptere-as355-300x143.jpg.webp 300w, https:\/\/www.corail-helicopteres.com\/wp-content\/uploads\/2021\/02\/helicoptere-as355.jpg.webp 796w\" sizes=\"(max-width: 768px) 100vw, 768px\" \/>\t\t\t\t\t\t\t\t\t\t\t\t\t\t\t<\/div>\n\t\t\t\t<\/div>\n\t\t\t\t\t<\/div>\n\t\t<\/div>\n\t\t\t\t\t<\/div>\n\t\t<\/section>\n\t\t\t\t<section class=\"elementor-section elementor-top-section elementor-element elementor-element-70054c8 elementor-section-content-middle elementor-section-boxed elementor-section-height-default elementor-section-height-default\" data-id=\"70054c8\" data-element_type=\"section\">\n\t\t\t\t\t\t<div class=\"elementor-container elementor-column-gap-default\">\n\t\t\t\t\t<div class=\"elementor-column elementor-col-50 elementor-top-column elementor-element elementor-element-fdea45c\" data-id=\"fdea45c\" data-element_type=\"column\">\n\t\t\t<div class=\"elementor-widget-wrap elementor-element-populated\">\n\t\t\t\t\t\t<div class=\"elementor-element elementor-element-403a639 elementor-widget__width-auto elementor-widget elementor-widget-heading\" data-id=\"403a639\" data-element_type=\"widget\" data-widget_type=\"heading.default\">\n\t\t\t\t<div class=\"elementor-widget-container\">\n\t\t\t\t\t<h3 class=\"elementor-heading-title elementor-size-default\">H 120 (Colibri)<\/h3>\t\t\t\t<\/div>\n\t\t\t\t<\/div>\n\t\t\t\t<div class=\"elementor-element elementor-element-ea63f0a elementor-widget elementor-widget-text-editor\" data-id=\"ea63f0a\" data-element_type=\"widget\" data-widget_type=\"text-editor.default\">\n\t\t\t\t<div class=\"elementor-widget-container\">\n\t\t\t\t\t\t\t\t\t<div><img decoding=\"async\" src=\"https:\/\/corail-helicopteres.com\/wp-content\/uploads\/2021\/02\/icone-passagers.png\" alt=\"\" width=\"20\" height=\"20\">1 pilot and 4 passengers<\/div><div><img decoding=\"async\" class=\"alignnone size-full wp-image-16468\" src=\"https:\/\/corail-helicopteres.com\/wp-content\/uploads\/2021\/02\/icone-helicoptere.png\" alt=\"\" width=\"20\" height=\"20\">2 helicopters<\/div><div><img decoding=\"async\" class=\"alignnone size-full wp-image-16474\" src=\"https:\/\/corail-helicopteres.com\/wp-content\/uploads\/2021\/02\/icone-type-transport.png\" alt=\"\" width=\"20\" height=\"20\">Public transport and aerial work<\/div><div><img loading=\"lazy\" decoding=\"async\" class=\"alignnone size-full wp-image-16471\" src=\"https:\/\/corail-helicopteres.com\/wp-content\/uploads\/2021\/02\/icone-vitesse.png\" alt=\"\" width=\"20\" height=\"20\">223 km\/H Cruise speed at maximal mass:<\/div><div><img loading=\"lazy\" decoding=\"async\" class=\"alignnone size-full wp-image-16465\" src=\"https:\/\/corail-helicopteres.com\/wp-content\/uploads\/2021\/02\/icone-bagages.png\" alt=\"\" width=\"20\" height=\"20\">4 carry on &amp; 4 luggages<\/div>\t\t\t\t\t\t\t\t<\/div>\n\t\t\t\t<\/div>\n\t\t\t\t\t<\/div>\n\t\t<\/div>\n\t\t\t\t<div class=\"elementor-column elementor-col-50 elementor-top-column elementor-element elementor-element-eb5ad48\" data-id=\"eb5ad48\" data-element_type=\"column\">\n\t\t\t<div class=\"elementor-widget-wrap elementor-element-populated\">\n\t\t\t\t\t\t<div class=\"elementor-element elementor-element-3c09467 elementor-widget elementor-widget-image\" data-id=\"3c09467\" data-element_type=\"widget\" data-widget_type=\"image.default\">\n\t\t\t\t<div class=\"elementor-widget-container\">\n\t\t\t\t\t\t\t\t\t\t\t\t\t\t\t<img loading=\"lazy\" decoding=\"async\" width=\"768\" height=\"366\" src=\"https:\/\/www.corail-helicopteres.com\/wp-content\/uploads\/2021\/02\/helicoptere-h120-768x366.jpg\" class=\"attachment-medium_large size-medium_large wp-image-17536\" alt=\"helicoptere-h120\" srcset=\"https:\/\/www.corail-helicopteres.com\/wp-content\/uploads\/2021\/02\/helicoptere-h120-768x366.jpg.webp 768w, https:\/\/www.corail-helicopteres.com\/wp-content\/uploads\/2021\/02\/helicoptere-h120-600x286.jpg.webp 600w, https:\/\/www.corail-helicopteres.com\/wp-content\/uploads\/2021\/02\/helicoptere-h120-300x143.jpg.webp 300w, https:\/\/www.corail-helicopteres.com\/wp-content\/uploads\/2021\/02\/helicoptere-h120.jpg.webp 796w\" sizes=\"(max-width: 768px) 100vw, 768px\" \/>\t\t\t\t\t\t\t\t\t\t\t\t\t\t\t<\/div>\n\t\t\t\t<\/div>\n\t\t\t\t\t<\/div>\n\t\t<\/div>\n\t\t\t\t\t<\/div>\n\t\t<\/section>\n\t\t\t\t<section class=\"elementor-section elementor-top-section elementor-element elementor-element-d4e1101 elementor-section-boxed elementor-section-height-default elementor-section-height-default\" data-id=\"d4e1101\" data-element_type=\"section\">\n\t\t\t\t\t\t<div class=\"elementor-container elementor-column-gap-default\">\n\t\t\t\t\t<div class=\"elementor-column elementor-col-100 elementor-top-column elementor-element elementor-element-73a8991\" data-id=\"73a8991\" data-element_type=\"column\">\n\t\t\t<div class=\"elementor-widget-wrap elementor-element-populated\">\n\t\t\t\t\t\t<div class=\"elementor-element elementor-element-ecd8616 elementor-widget elementor-widget-image\" data-id=\"ecd8616\" data-element_type=\"widget\" data-widget_type=\"image.default\">\n\t\t\t\t<div class=\"elementor-widget-container\">\n\t\t\t\t\t\t\t\t\t\t\t\t\t\t\t<img loading=\"lazy\" decoding=\"async\" width=\"300\" height=\"200\" src=\"https:\/\/www.corail-helicopteres.com\/wp-content\/uploads\/2020\/05\/modernite-helicopter-ile-de-la-reunion.jpg\" class=\"attachment-medium_large size-medium_large wp-image-12671\" alt=\"modernite helicoptere ile de la reunion\" \/>\t\t\t\t\t\t\t\t\t\t\t\t\t\t\t<\/div>\n\t\t\t\t<\/div>\n\t\t\t\t\t<\/div>\n\t\t<\/div>\n\t\t\t\t\t<\/div>\n\t\t<\/section>\n\t\t\t\t<\/div>\n\t\t","protected":false},"excerpt":{"rendered":"<p>A modern fleet of helicopters Established in 2004,&nbsp;Corail H\u00e9licopt\u00e8res has expanded&nbsp;since then and now owns&nbsp;07 h\u00e9licopters.. Committed to modernity and performance, the fleet included 4 type H130 aircrafts, the latest from the Airbus Helicopters range. Following on from 2017, Corail H\u00e9licopt\u00e8res has acquired 2 aircrafts of type H120 (Colibri):&nbsp;the world\u2019s most quiet helicopter.. Equipped with [&hellip;]<\/p>\n","protected":false},"author":4,"featured_media":0,"parent":0,"menu_order":0,"comment_status":"closed","ping_status":"closed","template":"","meta":{"iawp_total_views":112,"footnotes":""},"class_list":["post-12046","page","type-page","status-publish","hentry"],"_links":{"self":[{"href":"https:\/\/www.corail-helicopteres.com\/en\/wp-json\/wp\/v2\/pages\/12046","targetHints":{"allow":["GET"]}}],"collection":[{"href":"https:\/\/www.corail-helicopteres.com\/en\/wp-json\/wp\/v2\/pages"}],"about":[{"href":"https:\/\/www.corail-helicopteres.com\/en\/wp-json\/wp\/v2\/types\/page"}],"author":[{"embeddable":true,"href":"https:\/\/www.corail-helicopteres.com\/en\/wp-json\/wp\/v2\/users\/4"}],"replies":[{"embeddable":true,"href":"https:\/\/www.corail-helicopteres.com\/en\/wp-json\/wp\/v2\/comments?post=12046"}],"version-history":[{"count":5,"href":"https:\/\/www.corail-helicopteres.com\/en\/wp-json\/wp\/v2\/pages\/12046\/revisions"}],"predecessor-version":[{"id":66003,"href":"https:\/\/www.corail-helicopteres.com\/en\/wp-json\/wp\/v2\/pages\/12046\/revisions\/66003"}],"wp:attachment":[{"href":"https:\/\/www.corail-helicopteres.com\/en\/wp-json\/wp\/v2\/media?parent=12046"}],"curies":[{"name":"wp","href":"https:\/\/api.w.org\/{rel}","templated":true}]}}